{"id":563,"date":"2021-06-29T10:14:48","date_gmt":"2021-06-29T10:14:48","guid":{"rendered":"https:\/\/skadi.is\/?page_id=563"},"modified":"2021-08-09T15:41:26","modified_gmt":"2021-08-09T15:41:26","slug":"logfraedithjonusta-fyrir-likamstjon","status":"publish","type":"page","link":"https:\/\/skadi.is\/index.php\/logmenn-arbae\/logfraedithjonusta\/logfraedithjonusta-fyrir-likamstjon\/","title":{"rendered":"L\u00f6gfr\u00e6\u00f0i\u00fej\u00f3nusta fyrir l\u00edkamstj\u00f3n"},"content":{"rendered":"\t\t<div data-elementor-type=\"wp-page\" data-elementor-id=\"563\" class=\"elementor elementor-563\" data-elementor-settings=\"[]\">\n\t\t\t\t\t\t\t<div class=\"elementor-section-wrap\">\n\t\t\t\t\t\t\t<section class=\"elementor-section elementor-top-section elementor-element elementor-element-8da1411 elementor-section-boxed elementor-section-height-default elementor-section-height-default\" data-id=\"8da1411\" data-element_type=\"section\">\n\t\t\t\t\t\t<div class=\"elementor-container elementor-column-gap-default\">\n\t\t\t\t\t<div class=\"elementor-column elementor-col-100 elementor-top-column elementor-element elementor-element-9c1f515\" data-id=\"9c1f515\" data-element_type=\"column\">\n\t\t\t<div class=\"elementor-widget-wrap elementor-element-populated\">\n\t\t\t\t\t\t\t\t<div class=\"elementor-element elementor-element-68f6f2d elementor-widget elementor-widget-heading\" data-id=\"68f6f2d\" data-element_type=\"widget\" data-widget_type=\"heading.default\">\n\t\t\t\t<div class=\"elementor-widget-container\">\n\t\t\t<h3 class=\"elementor-heading-title elementor-size-default\">L\u00f6gfr\u00e6\u00f0i\u00fej\u00f3nusta fyrir l\u00edkamstj\u00f3n<\/h3>\t\t<\/div>\n\t\t\t\t<\/div>\n\t\t\t\t\t<\/div>\n\t\t<\/div>\n\t\t\t\t\t\t\t<\/div>\n\t\t<\/section>\n\t\t\t\t<section class=\"elementor-section elementor-top-section elementor-element elementor-element-19c7c153 elementor-section-boxed elementor-section-height-default elementor-section-height-default\" data-id=\"19c7c153\" data-element_type=\"section\">\n\t\t\t\t\t\t<div class=\"elementor-container elementor-column-gap-default\">\n\t\t\t\t\t<div class=\"elementor-column elementor-col-100 elementor-top-column elementor-element elementor-element-4137191\" data-id=\"4137191\" data-element_type=\"column\">\n\t\t\t<div class=\"elementor-widget-wrap elementor-element-populated\">\n\t\t\t\t\t\t\t\t<div class=\"elementor-element elementor-element-5f3f11a3 elementor-widget elementor-widget-text-editor\" data-id=\"5f3f11a3\" data-element_type=\"widget\" data-widget_type=\"text-editor.default\">\n\t\t\t\t<div class=\"elementor-widget-container\">\n\t\t\t\t\t\t\t\t<!-- wp:paragraph -->\n<p>\u00cd ska\u00f0ab\u00f3tar\u00e9tti (l\u00edkamstj\u00f3nar\u00e9tti) n\u00e6r hugtaki\u00f0\u00a0 l\u00edkamstj\u00f3n b\u00e6\u00f0i yfir l\u00edkamlega \u00e1verka og andlegar aflei\u00f0ingar tj\u00f3nsatbur\u00f0ar (ge\u00f0r\u00e6nar aflei\u00f0ingar). \u00deannig n\u00e6r hugtaki\u00f0 l\u00edkamstj\u00f3n yfir sker\u00f0ingar \u00e1 heilsu tj\u00f3n\u00feola, vegna tiltekins tj\u00f3nsatbur\u00f0ar.<\/p>\n<!-- \/wp:paragraph --><!-- wp:paragraph -->\n<p>Ska\u00f0ab\u00e6tur &#8211; Slysatryggingarb\u00e6tur<\/p>\n<!-- \/wp:paragraph --><!-- wp:paragraph -->\n<p>Einstaklingur getur \u00e1tt r\u00e9tt \u00e1 annarsvegar ska\u00f0ab\u00f3tum og hins vegar slysatryggingarb\u00f3tum vegna l\u00edkamstj\u00f3ns.<\/p>\n<!-- \/wp:paragraph --><!-- wp:paragraph -->\n<p>Ska\u00f0ab\u00e6tur eru b\u00e6tur, sem tj\u00f3n\u00feoli\u00a0 \u00e1 r\u00e9tt \u00e1 fr\u00e1 \u00feeim a\u00f0ila, sem veldur honum l\u00edkamstj\u00f3ni\u00a0 af \u00e1setningi e\u00f0a g\u00e1leysi. Einnig getur tj\u00f3n\u00feoli \u00e1tt r\u00e9tt \u00e1 ska\u00f0ab\u00f3tum \u00e1 grundvelli hlutl\u00e6gra b\u00f3tareglna.\u00a0<\/p>\n<!-- \/wp:paragraph --><!-- wp:paragraph -->\n<p>Ska\u00f0ab\u00e6tur\u00a0 eiga samkv\u00e6mt l\u00f6gum a\u00f0 gera tj\u00f3n\u00feola eins settan og ef hann hef\u00f0i ekki or\u00f0i\u00f0 fyrir tj\u00f3ni.<\/p>\n<!-- \/wp:paragraph --><!-- wp:paragraph -->\n<p>Slysatryggingarb\u00e6tur (v\u00e1tryggingarb\u00e6tur)\u00a0 eru b\u00e6tur, sem tj\u00f3n\u00feoli \u00e1 r\u00e9tt \u00e1 samkv\u00e6mt fyrirfram \u00e1kve\u00f0num samningi (tryggingaskilm\u00e1lar, v\u00e1tryggingasamningal\u00f6g, nr. 30\/2004). Samkv\u00e6mt samningnum er b\u00fai\u00f0 a\u00f0 \u00e1kve\u00f0a fj\u00e1rh\u00e6\u00f0 b\u00f3ta (h\u00f6fu\u00f0st\u00f3l \u00f6rorkub\u00f3ta), mi\u00f0a\u00f0 vi\u00f0 miskastig l\u00edkams\u00e1verka og b\u00f3tat\u00edma t\u00edmabundinnar \u00f6rorku.<\/p>\n<!-- \/wp:paragraph --><!-- wp:paragraph -->\n<p>Af hverju \u00e1 tj\u00f3n\u00feoli a\u00f0 leita l\u00f6gmannsa\u00f0sto\u00f0ar:\u00a0 Er tj\u00f3n\u00feoli s\u00e6kir b\u00e6tur vegna l\u00edkamstj\u00f3ns, kemur oftar en ekki\u00a0 til \u00e1lita,\u00a0 \u00ed hva\u00f0a m\u00e6li l\u00edkamstj\u00f3ni\u00f0 ver\u00f0ur raki\u00f0 til\u00a0 tj\u00f3nsatbur\u00f0arins og\u00a0 hver fj\u00e1rh\u00e6\u00f0 b\u00f3ta skuli vera. Ver\u00f0ur tj\u00f3n\u00feolinn a\u00f0 afla s\u00f6nnunar um \u00feessi atri\u00f0i \u00ed formi matsger\u00f0ar um me\u00f0al annars misktastig vegna slysa\u00e1verkanna og um \u00fe\u00e1 sker\u00f0ingu \u00e1 aflah\u00e6fi hans, sem \u00e1verkarnir hafa valdi\u00f0. Ber tj\u00f3n\u00feolinn s\u00f6nnunarbyr\u00f0i um\u00a0 \u00feessi atri\u00f0i. Af \u00feeirri \u00e1st\u00e6\u00f0u er nau\u00f0synlegt fyrir tj\u00f3n\u00feolann a\u00f0 leita strax,\u00a0 eftir tj\u00f3nsatbur\u00f0 til l\u00f6gmanns, sem s\u00ed\u00f0an rekur m\u00e1li\u00f0 fyrir hann,\u00a0 \u00fear til b\u00e6tur hafa veri\u00f0 greiddar. \u00c1r\u00ed\u00f0andi\u00a0 er a\u00f0 fara strax til l\u00e6knis eftir tj\u00f3nsatbur\u00f0, \u00fear sem \u00e1verkar eru greindir og tilkynna s\u00ed\u00f0an slysi\u00f0 til vi\u00f0komandi tryggingaf\u00e9lags. Til a\u00f0 g\u00e6ta r\u00e9ttar s\u00edns er tj\u00f3n\u00feola einnig nau\u00f0synlegt a\u00f0 leita til b\u00e6klunarl\u00e6knis og taugal\u00e6knis,\u00a0 b\u00e6\u00f0i til l\u00e6kninga (tj\u00f3nstakm\u00f6rkunarskylda) og til a\u00f0 slysa\u00e1verkarnir s\u00e9u sem fyrst r\u00e9ttilega greindir af \u00fear til b\u00e6rum s\u00e9rfr\u00e6\u00f0ingum.\u00a0 Einnig er tj\u00f3n\u00feola r\u00e9tt a\u00f0 leita\u00a0 til ge\u00f0l\u00e6knis,\u00a0 ef \u00e1fallastreitur\u00f6skun er fylgifiskur tj\u00f3nsins e\u00f0a slysi\u00f0 hefur haft a\u00f0rar andlegar aflei\u00f0ingar fyrir tj\u00f3n\u00feola.\u00a0 Ef um vinnuslys er a\u00f0 r\u00e6\u00f0a ver\u00f0ur tj\u00f3n\u00feoli a\u00f0 g\u00e6ta \u00feess, a\u00f0 vinnuveitandi hans tilkynni slysi\u00f0 strax Vinnueftirliti r\u00edkisins og\u00a0 Tryggingastofnun r\u00edkisins.\u00a0 L\u00f6gmenn \u00c1rb\u00e6 g\u00e6ta r\u00e9ttar tj\u00f3n\u00feola \u00ed ofangreindum tilvikum.\u00a0\u00a0<\/p>\n<!-- \/wp:paragraph --><!-- wp:paragraph -->\n<p>Fyrning:\u00a0\u00a0<\/p>\n<!-- \/wp:paragraph --><!-- wp:paragraph -->\n<p>Krafa um ska\u00f0ab\u00e6tur og slysatryggingab\u00e6tur er h\u00e1\u00f0 fyrningu skv.\u00a0 l\u00f6gum um fyrningu kr\u00f6fur\u00e9ttinda, v\u00e1tryggingasamningal\u00f6gum og b\u00f3takafla umfer\u00f0arlaga. Ska\u00f0ab\u00f3takr\u00f6fur vegna l\u00edkamstj\u00f3ns fyrnast almennt \u00e1 10 \u00e1rum fr\u00e1 slysaatbur\u00f0i. Algengasti fyrningart\u00edmi er \u00fe\u00f3 4 \u00e1r, fr\u00e1 upphafi fyrningarfrests, sem \u00ed m\u00f6rgum tilvikum er svok\u00f6llu\u00f0 batahv\u00f6rf (st\u00f6\u00f0ugleikapunktur) \u00fee. \u00feegar slysa\u00e1verkar eru komnir \u00ed jafnv\u00e6gi og s\u00fdnt \u00feykir hverjar aflei\u00f0ingar slyssins eru. Upphafst\u00edmi fyrningarfrests getur \u00fe\u00f3 veri\u00f0 s\u00ed\u00f0ar.\u00a0 Nau\u00f0synlegt er a\u00f0 tj\u00f3n\u00feolar g\u00e6ti r\u00e9ttar s\u00edns \u00ed \u00feessum efnum. Rj\u00fafa m\u00e1 fyrningarfrest i m\u00f6rgum tilvikum me\u00f0 bei\u00f0ni um \u00farskur\u00f0 hj\u00e1 \u00farskur\u00f0arnefnd v\u00e1tryggingaf\u00e9laganna.<\/p>\n<!-- \/wp:paragraph --><!-- wp:paragraph -->\n<p>Endurupptaka b\u00f3ta\u00e1kv\u00f6r\u00f0unar:\u00a0 Samkv\u00e6mt 11. grein ska\u00f0ab\u00f3talaga er tj\u00f3n\u00feola heimilt a\u00f0 bi\u00f0ja um endur\u00e1kv\u00f6r\u00f0un b\u00f3tafj\u00e1rh\u00e6\u00f0ar ef \u00f3fyrirsj\u00e1anlegar breytingar hafi or\u00f0i\u00f0 \u00e1 heilsu tj\u00f3n\u00feola \u00feannig a\u00f0 \u00e6tla megi a\u00f0 miskastig e\u00f0a \u00f6rorkustig s\u00e9 verulega h\u00e6rra en \u00e1\u00f0ur var tali\u00f0. L\u00f6gmenn \u00c1rb\u00e6 hafa v\u00ed\u00f0t\u00e6ka reynslu \u00ed sl\u00edkum m\u00e1lum.<\/p>\n<!-- \/wp:paragraph --><!-- wp:paragraph -->\n<p>Sj\u00e1 n\u00e1nar um ne\u00f0angreind slys:<\/p>\n<!-- \/wp:paragraph --><!-- wp:paragraph -->\n<p><a href=\"https:\/\/skadi.is\/index.php\/logmenn-arbae\/logfraedithjonusta\/logfraedithjonusta-fyrir-umferdarslys\/\"><strong>Umfer\u00f0arslys<\/strong><\/a><\/p>\n<!-- \/wp:paragraph --><!-- wp:paragraph -->\n<p><a href=\"https:\/\/skadi.is\/index.php\/logmenn-arbae\/logfraedithjonusta\/logfraedithjonusta-fyrir-vinnuslys\/\"><strong>Vinnuslys<\/strong><\/a><\/p>\n<!-- \/wp:paragraph --><!-- wp:paragraph -->\n<p><a href=\"https:\/\/skadi.is\/index.php\/loegfraedhithjonusta\/fritimaslys\"><strong>Fr\u00edt\u00edmaslys<\/strong><\/a><\/p>\n<!-- \/wp:paragraph --><!-- wp:paragraph -->\n<p><a href=\"https:\/\/skadi.is\/index.php\/logmenn-arbae\/logfraedithjonusta\/logfraedithjonusta-fyrir-adra-flokka-likamstjona\/\"><strong>L\u00e6knamist\u00f6k<\/strong><\/a><\/p>\n<!-- \/wp:paragraph --><!-- wp:paragraph -->\n<p><a href=\"https:\/\/skadi.is\/index.php\/logmenn-arbae\/logfraedithjonusta\/logfraedithjonusta-fyrir-tholendur-afbrota\/\"><strong>Ofbeldisbrot<\/strong><\/a><\/p>\n<!-- \/wp:paragraph -->\t\t\t\t\t\t<\/div>\n\t\t\t\t<\/div>\n\t\t\t\t\t<\/div>\n\t\t<\/div>\n\t\t\t\t\t\t\t<\/div>\n\t\t<\/section>\n\t\t\t\t\t\t<\/div>\n\t\t\t\t\t<\/div>\n\t\t","protected":false},"excerpt":{"rendered":"<p>L\u00f6gfr\u00e6\u00f0i\u00fej\u00f3nusta fyrir l\u00edkamstj\u00f3n \u00cd ska\u00f0ab\u00f3tar\u00e9tti (l\u00edkamstj\u00f3nar\u00e9tti) n\u00e6r hugtaki\u00f0\u00a0 l\u00edkamstj\u00f3n b\u00e6\u00f0i yfir l\u00edkamlega \u00e1verka og andlegar aflei\u00f0ingar tj\u00f3nsatbur\u00f0ar (ge\u00f0r\u00e6nar aflei\u00f0ingar). \u00deannig n\u00e6r hugtaki\u00f0 l\u00edkamstj\u00f3n yfir sker\u00f0ingar \u00e1 heilsu tj\u00f3n\u00feola, vegna tiltekins tj\u00f3nsatbur\u00f0ar. Ska\u00f0ab\u00e6tur &#8211; Slysatryggingarb\u00e6tur Einstaklingur getur \u00e1tt r\u00e9tt \u00e1 annarsvegar ska\u00f0ab\u00f3tum og hins vegar slysatryggingarb\u00f3tum vegna l\u00edkamstj\u00f3ns. Ska\u00f0ab\u00e6tur eru b\u00e6tur, sem tj\u00f3n\u00feoli\u00a0 \u00e1 r\u00e9tt \u00e1 [&hellip;]<\/p>\n","protected":false},"author":1,"featured_media":0,"parent":492,"menu_order":0,"comment_status":"closed","ping_status":"closed","template":"","meta":{"footnotes":""},"class_list":["post-563","page","type-page","status-publish","hentry"],"yoast_head":"<!-- This site is optimized with the Yoast SEO plugin v16.9 - https:\/\/yoast.com\/wordpress\/plugins\/seo\/ -->\n<title>L\u00f6gfr\u00e6\u00f0i\u00fej\u00f3nusta fyrir l\u00edkamstj\u00f3n &gt; L&ouml;gmenn &Aacute;rb&aelig;<\/title>\n<meta name=\"robots\" content=\"index, follow, max-snippet:-1, max-image-preview:large, max-video-preview:-1\" \/>\n<link rel=\"canonical\" href=\"https:\/\/skadi.is\/index.php\/logmenn-arbae\/logfraedithjonusta\/logfraedithjonusta-fyrir-likamstjon\/\" \/>\n<meta property=\"og:locale\" content=\"en_US\" \/>\n<meta property=\"og:type\" content=\"article\" \/>\n<meta property=\"og:title\" content=\"L\u00f6gfr\u00e6\u00f0i\u00fej\u00f3nusta fyrir l\u00edkamstj\u00f3n &gt; L&ouml;gmenn &Aacute;rb&aelig;\" \/>\n<meta property=\"og:description\" content=\"L\u00f6gfr\u00e6\u00f0i\u00fej\u00f3nusta fyrir l\u00edkamstj\u00f3n \u00cd ska\u00f0ab\u00f3tar\u00e9tti (l\u00edkamstj\u00f3nar\u00e9tti) n\u00e6r hugtaki\u00f0\u00a0 l\u00edkamstj\u00f3n b\u00e6\u00f0i yfir l\u00edkamlega \u00e1verka og andlegar aflei\u00f0ingar tj\u00f3nsatbur\u00f0ar (ge\u00f0r\u00e6nar aflei\u00f0ingar). \u00deannig n\u00e6r hugtaki\u00f0 l\u00edkamstj\u00f3n yfir sker\u00f0ingar \u00e1 heilsu tj\u00f3n\u00feola, vegna tiltekins tj\u00f3nsatbur\u00f0ar. Ska\u00f0ab\u00e6tur &#8211; Slysatryggingarb\u00e6tur Einstaklingur getur \u00e1tt r\u00e9tt \u00e1 annarsvegar ska\u00f0ab\u00f3tum og hins vegar slysatryggingarb\u00f3tum vegna l\u00edkamstj\u00f3ns. Ska\u00f0ab\u00e6tur eru b\u00e6tur, sem tj\u00f3n\u00feoli\u00a0 \u00e1 r\u00e9tt \u00e1 [&hellip;]\" \/>\n<meta property=\"og:url\" content=\"https:\/\/skadi.is\/index.php\/logmenn-arbae\/logfraedithjonusta\/logfraedithjonusta-fyrir-likamstjon\/\" \/>\n<meta property=\"og:site_name\" content=\"L&ouml;gmenn &Aacute;rb&aelig;\" \/>\n<meta property=\"article:modified_time\" content=\"2021-08-09T15:41:26+00:00\" \/>\n<meta name=\"twitter:card\" content=\"summary_large_image\" \/>\n<meta name=\"twitter:label1\" content=\"Est. reading time\" \/>\n\t<meta name=\"twitter:data1\" content=\"3 minutes\" \/>\n<script type=\"application\/ld+json\" class=\"yoast-schema-graph\">{\"@context\":\"https:\/\/schema.org\",\"@graph\":[{\"@type\":\"WebSite\",\"@id\":\"https:\/\/skadi.is\/#website\",\"url\":\"https:\/\/skadi.is\/\",\"name\":\"L&ouml;gmenn &Aacute;rb&aelig;\",\"description\":\"L&ouml;gmenn &Aacute;rb&aelig; slf. er alhli&eth;a l&ouml;gmannsstofa &thorn;ar sem &thorn;verfagleg l&ouml;gmanns&thorn;j&oacute;nusta er veitt.\",\"potentialAction\":[{\"@type\":\"SearchAction\",\"target\":{\"@type\":\"EntryPoint\",\"urlTemplate\":\"https:\/\/skadi.is\/?s={search_term_string}\"},\"query-input\":\"required name=search_term_string\"}],\"inLanguage\":\"en\"},{\"@type\":\"WebPage\",\"@id\":\"https:\/\/skadi.is\/index.php\/logmenn-arbae\/logfraedithjonusta\/logfraedithjonusta-fyrir-likamstjon\/#webpage\",\"url\":\"https:\/\/skadi.is\/index.php\/logmenn-arbae\/logfraedithjonusta\/logfraedithjonusta-fyrir-likamstjon\/\",\"name\":\"L\\u00f6gfr\\u00e6\\u00f0i\\u00fej\\u00f3nusta fyrir l\\u00edkamstj\\u00f3n &gt; L&ouml;gmenn &Aacute;rb&aelig;\",\"isPartOf\":{\"@id\":\"https:\/\/skadi.is\/#website\"},\"datePublished\":\"2021-06-29T10:14:48+00:00\",\"dateModified\":\"2021-08-09T15:41:26+00:00\",\"breadcrumb\":{\"@id\":\"https:\/\/skadi.is\/index.php\/logmenn-arbae\/logfraedithjonusta\/logfraedithjonusta-fyrir-likamstjon\/#breadcrumb\"},\"inLanguage\":\"en\",\"potentialAction\":[{\"@type\":\"ReadAction\",\"target\":[\"https:\/\/skadi.is\/index.php\/logmenn-arbae\/logfraedithjonusta\/logfraedithjonusta-fyrir-likamstjon\/\"]}]},{\"@type\":\"BreadcrumbList\",\"@id\":\"https:\/\/skadi.is\/index.php\/logmenn-arbae\/logfraedithjonusta\/logfraedithjonusta-fyrir-likamstjon\/#breadcrumb\",\"itemListElement\":[{\"@type\":\"ListItem\",\"position\":1,\"name\":\"Fr\\u00e9ttir\",\"item\":\"https:\/\/skadi.is\/\"},{\"@type\":\"ListItem\",\"position\":2,\"name\":\"FORS\\u00cd\\u00d0A\",\"item\":\"https:\/\/skadi.is\/\"},{\"@type\":\"ListItem\",\"position\":3,\"name\":\"L\\u00f6gfr\\u00e6\\u00f0i\\u00fej\\u00f3nusta\",\"item\":\"https:\/\/skadi.is\/index.php\/logmenn-arbae\/logfraedithjonusta\/\"},{\"@type\":\"ListItem\",\"position\":4,\"name\":\"L\\u00f6gfr\\u00e6\\u00f0i\\u00fej\\u00f3nusta fyrir l\\u00edkamstj\\u00f3n\"}]}]}<\/script>\n<!-- \/ Yoast SEO plugin. -->","yoast_head_json":{"title":"L\u00f6gfr\u00e6\u00f0i\u00fej\u00f3nusta fyrir l\u00edkamstj\u00f3n &gt; L&ouml;gmenn &Aacute;rb&aelig;","robots":{"index":"index","follow":"follow","max-snippet":"max-snippet:-1","max-image-preview":"max-image-preview:large","max-video-preview":"max-video-preview:-1"},"canonical":"https:\/\/skadi.is\/index.php\/logmenn-arbae\/logfraedithjonusta\/logfraedithjonusta-fyrir-likamstjon\/","og_locale":"en_US","og_type":"article","og_title":"L\u00f6gfr\u00e6\u00f0i\u00fej\u00f3nusta fyrir l\u00edkamstj\u00f3n &gt; L&ouml;gmenn &Aacute;rb&aelig;","og_description":"L\u00f6gfr\u00e6\u00f0i\u00fej\u00f3nusta fyrir l\u00edkamstj\u00f3n \u00cd ska\u00f0ab\u00f3tar\u00e9tti (l\u00edkamstj\u00f3nar\u00e9tti) n\u00e6r hugtaki\u00f0\u00a0 l\u00edkamstj\u00f3n b\u00e6\u00f0i yfir l\u00edkamlega \u00e1verka og andlegar aflei\u00f0ingar tj\u00f3nsatbur\u00f0ar (ge\u00f0r\u00e6nar aflei\u00f0ingar). \u00deannig n\u00e6r hugtaki\u00f0 l\u00edkamstj\u00f3n yfir sker\u00f0ingar \u00e1 heilsu tj\u00f3n\u00feola, vegna tiltekins tj\u00f3nsatbur\u00f0ar. Ska\u00f0ab\u00e6tur &#8211; Slysatryggingarb\u00e6tur Einstaklingur getur \u00e1tt r\u00e9tt \u00e1 annarsvegar ska\u00f0ab\u00f3tum og hins vegar slysatryggingarb\u00f3tum vegna l\u00edkamstj\u00f3ns. Ska\u00f0ab\u00e6tur eru b\u00e6tur, sem tj\u00f3n\u00feoli\u00a0 \u00e1 r\u00e9tt \u00e1 [&hellip;]","og_url":"https:\/\/skadi.is\/index.php\/logmenn-arbae\/logfraedithjonusta\/logfraedithjonusta-fyrir-likamstjon\/","og_site_name":"L&ouml;gmenn &Aacute;rb&aelig;","article_modified_time":"2021-08-09T15:41:26+00:00","twitter_card":"summary_large_image","twitter_misc":{"Est. reading time":"3 minutes"},"schema":{"@context":"https:\/\/schema.org","@graph":[{"@type":"WebSite","@id":"https:\/\/skadi.is\/#website","url":"https:\/\/skadi.is\/","name":"L&ouml;gmenn &Aacute;rb&aelig;","description":"L&ouml;gmenn &Aacute;rb&aelig; slf. er alhli&eth;a l&ouml;gmannsstofa &thorn;ar sem &thorn;verfagleg l&ouml;gmanns&thorn;j&oacute;nusta er veitt.","potentialAction":[{"@type":"SearchAction","target":{"@type":"EntryPoint","urlTemplate":"https:\/\/skadi.is\/?s={search_term_string}"},"query-input":"required name=search_term_string"}],"inLanguage":"en"},{"@type":"WebPage","@id":"https:\/\/skadi.is\/index.php\/logmenn-arbae\/logfraedithjonusta\/logfraedithjonusta-fyrir-likamstjon\/#webpage","url":"https:\/\/skadi.is\/index.php\/logmenn-arbae\/logfraedithjonusta\/logfraedithjonusta-fyrir-likamstjon\/","name":"L\u00f6gfr\u00e6\u00f0i\u00fej\u00f3nusta fyrir l\u00edkamstj\u00f3n &gt; L&ouml;gmenn &Aacute;rb&aelig;","isPartOf":{"@id":"https:\/\/skadi.is\/#website"},"datePublished":"2021-06-29T10:14:48+00:00","dateModified":"2021-08-09T15:41:26+00:00","breadcrumb":{"@id":"https:\/\/skadi.is\/index.php\/logmenn-arbae\/logfraedithjonusta\/logfraedithjonusta-fyrir-likamstjon\/#breadcrumb"},"inLanguage":"en","potentialAction":[{"@type":"ReadAction","target":["https:\/\/skadi.is\/index.php\/logmenn-arbae\/logfraedithjonusta\/logfraedithjonusta-fyrir-likamstjon\/"]}]},{"@type":"BreadcrumbList","@id":"https:\/\/skadi.is\/index.php\/logmenn-arbae\/logfraedithjonusta\/logfraedithjonusta-fyrir-likamstjon\/#breadcrumb","itemListElement":[{"@type":"ListItem","position":1,"name":"Fr\u00e9ttir","item":"https:\/\/skadi.is\/"},{"@type":"ListItem","position":2,"name":"FORS\u00cd\u00d0A","item":"https:\/\/skadi.is\/"},{"@type":"ListItem","position":3,"name":"L\u00f6gfr\u00e6\u00f0i\u00fej\u00f3nusta","item":"https:\/\/skadi.is\/index.php\/logmenn-arbae\/logfraedithjonusta\/"},{"@type":"ListItem","position":4,"name":"L\u00f6gfr\u00e6\u00f0i\u00fej\u00f3nusta fyrir l\u00edkamstj\u00f3n"}]}]}},"_links":{"self":[{"href":"https:\/\/skadi.is\/index.php\/wp-json\/wp\/v2\/pages\/563","targetHints":{"allow":["GET"]}}],"collection":[{"href":"https:\/\/skadi.is\/index.php\/wp-json\/wp\/v2\/pages"}],"about":[{"href":"https:\/\/skadi.is\/index.php\/wp-json\/wp\/v2\/types\/page"}],"author":[{"embeddable":true,"href":"https:\/\/skadi.is\/index.php\/wp-json\/wp\/v2\/users\/1"}],"replies":[{"embeddable":true,"href":"https:\/\/skadi.is\/index.php\/wp-json\/wp\/v2\/comments?post=563"}],"version-history":[{"count":10,"href":"https:\/\/skadi.is\/index.php\/wp-json\/wp\/v2\/pages\/563\/revisions"}],"predecessor-version":[{"id":814,"href":"https:\/\/skadi.is\/index.php\/wp-json\/wp\/v2\/pages\/563\/revisions\/814"}],"up":[{"embeddable":true,"href":"https:\/\/skadi.is\/index.php\/wp-json\/wp\/v2\/pages\/492"}],"wp:attachment":[{"href":"https:\/\/skadi.is\/index.php\/wp-json\/wp\/v2\/media?parent=563"}],"curies":[{"name":"wp","href":"https:\/\/api.w.org\/{rel}","templated":true}]}}