{"id":493,"date":"2021-05-21T09:41:56","date_gmt":"2021-05-21T09:41:56","guid":{"rendered":"https:\/\/skadi.is\/?page_id=8"},"modified":"2021-06-29T15:52:15","modified_gmt":"2021-06-29T15:52:15","slug":"frettir","status":"publish","type":"page","link":"https:\/\/skadi.is\/index.php\/logmenn-arbae\/frettir\/","title":{"rendered":"Fr\u00e9ttir"},"content":{"rendered":"\t\t<div data-elementor-type=\"wp-page\" data-elementor-id=\"493\" class=\"elementor elementor-493\" data-elementor-settings=\"[]\">\n\t\t\t\t\t\t\t<div class=\"elementor-section-wrap\">\n\t\t\t\t\t\t\t<section class=\"elementor-section elementor-top-section elementor-element elementor-element-b9993f4 elementor-section-height-min-height elementor-section-boxed elementor-section-height-default elementor-section-items-middle\" data-id=\"b9993f4\" data-element_type=\"section\">\n\t\t\t\t\t\t\t<div class=\"elementor-background-overlay\"><\/div>\n\t\t\t\t\t\t\t<div class=\"elementor-container elementor-column-gap-default\">\n\t\t\t\t\t<div class=\"elementor-column elementor-col-100 elementor-top-column elementor-element elementor-element-72ba38e\" data-id=\"72ba38e\" data-element_type=\"column\">\n\t\t\t<div class=\"elementor-widget-wrap elementor-element-populated\">\n\t\t\t\t\t\t\t\t<div class=\"elementor-element elementor-element-3160b1f elementor-widget elementor-widget-heading\" data-id=\"3160b1f\" data-element_type=\"widget\" data-widget_type=\"heading.default\">\n\t\t\t\t<div class=\"elementor-widget-container\">\n\t\t\t<h2 class=\"elementor-heading-title elementor-size-default\">Fr\u00e9ttir<\/h2>\t\t<\/div>\n\t\t\t\t<\/div>\n\t\t\t\t<div class=\"elementor-element elementor-element-9ea60e2 elementor-widget elementor-widget-breadcrumbs\" data-id=\"9ea60e2\" data-element_type=\"widget\" data-widget_type=\"breadcrumbs.default\">\n\t\t\t\t<div class=\"elementor-widget-container\">\n\t\t\t<p id=\"breadcrumbs\"><span><span><a href=\"https:\/\/skadi.is\/\">Fr\u00e9ttir<\/a><\/span><\/p>\t\t<\/div>\n\t\t\t\t<\/div>\n\t\t\t\t\t<\/div>\n\t\t<\/div>\n\t\t\t\t\t\t\t<\/div>\n\t\t<\/section>\n\t\t\t\t<section class=\"elementor-section elementor-top-section elementor-element elementor-element-3d55eae elementor-section-boxed elementor-section-height-default elementor-section-height-default\" data-id=\"3d55eae\" data-element_type=\"section\">\n\t\t\t\t\t\t<div class=\"elementor-container elementor-column-gap-default\">\n\t\t\t\t\t<div class=\"elementor-column elementor-col-100 elementor-top-column elementor-element elementor-element-eac8d5d\" data-id=\"eac8d5d\" data-element_type=\"column\">\n\t\t\t<div class=\"elementor-widget-wrap elementor-element-populated\">\n\t\t\t\t\t\t\t\t<div class=\"elementor-element elementor-element-85e8a09 elementor-grid-2 elementor-posts--thumbnail-none elementor-posts--align-left elementor-grid-tablet-2 elementor-grid-mobile-1 elementor-card-shadow-yes elementor-posts__hover-gradient elementor-widget elementor-widget-posts\" data-id=\"85e8a09\" data-element_type=\"widget\" data-settings=\"{&quot;cards_columns&quot;:&quot;2&quot;,&quot;cards_row_gap&quot;:{&quot;unit&quot;:&quot;px&quot;,&quot;size&quot;:30,&quot;sizes&quot;:[]},&quot;cards_columns_tablet&quot;:&quot;2&quot;,&quot;cards_columns_mobile&quot;:&quot;1&quot;}\" data-widget_type=\"posts.cards\">\n\t\t\t\t<div class=\"elementor-widget-container\">\n\t\t\t\t\t<div class=\"elementor-posts-container elementor-posts elementor-posts--skin-cards elementor-grid\">\n\t\t\t\t<article class=\"elementor-post elementor-grid-item post-867 post type-post status-publish format-standard hentry category-uncategorized\">\n\t\t\t<div class=\"elementor-post__card\">\n\t\t\t\t<div class=\"elementor-post__text\">\n\t\t\t\t<h1 class=\"elementor-post__title\">\n\t\t\t<a href=\"https:\/\/skadi.is\/index.php\/2024\/06\/24\/hver-er-vatryggjandinn\/\" >\n\t\t\t\tHver er v\u00e1tryggjandinn.\t\t\t<\/a>\n\t\t<\/h1>\n\t\t\t\t<div class=\"elementor-post__excerpt\">\n\t\t\t<p>\u00deann 26. mars 2024 f\u00e9ll \u00ed H\u00e9ra\u00f0sd\u00f3mi Reykjaness d\u00f3mur \u00ed m\u00e1li nr. E-1058\/2023: A gegn Tryggingami\u00f0lun \u00cdslands ehf. og Lloyd\u00b4s Insurance Company S. A.&nbsp; Stefnandi, sem starfa\u00f0i sj\u00e1lfst\u00e6tt sem skilager\u00f0arma\u00f0ur haf\u00f0i teki\u00f0 svokalla\u00f0a starfs\u00f6rorkutryggingu hj\u00e1 Tryggingami\u00f0lun \u00cdslands ehf. (TM\u00cd) og Lloyd\u00b4s Insurance Company S.A. Var efni tryggingarinnar, a\u00f0 yr\u00f0i stefnandi \u00f3vinnuf\u00e6r a\u00f0 starfa sem skilager\u00f0arma\u00f0ur \u00e6tti hann r\u00e9tt \u00e1 \u00e1kve\u00f0inni b\u00f3tafj\u00e1rh\u00e6\u00f0. Stefnandi slasa\u00f0ist, \u00feann 18. mars 2021, er hann f\u00e9ll \u00far stiga \u00ed vinnu sinni. Var\u00f0 stefnandi fyrir \u00e1verka \u00e1 vinstri \u00f6xl og h\u00e1lsi og var \u00f3f\u00e6r um a\u00f0 vinna uppfyrir sig me\u00f0 h\u00f6ndunum og gat \u00fev\u00ed ekki starfa\u00f0 sem skilager\u00f0arma\u00f0ur. Tilkynnti stefnandi tj\u00f3n sitt til TM\u00cd. &nbsp;Flj\u00f3tlega tilkynnti TM\u00cd, &nbsp;a\u00f0 AXIS Speciality Europe SE neita\u00f0 b\u00f3tum. Stefnandi kanna\u00f0ist ekki<\/p>\n\t\t<\/div>\n\t\t\t\t\t<a class=\"elementor-post__read-more\" href=\"https:\/\/skadi.is\/index.php\/2024\/06\/24\/hver-er-vatryggjandinn\/\" >\n\t\t\t\tLesa meira...\t\t\t<\/a>\n\t\t\t\t<\/div>\n\t\t\t\t<div class=\"elementor-post__meta-data\">\n\t\t\t\t\t<span class=\"elementor-post-date\">\n\t\t\tJune 24, 2024\t\t<\/span>\n\t\t\t\t<\/div>\n\t\t\t\t\t<\/div>\n\t\t<\/article>\n\t\t\t\t<article class=\"elementor-post elementor-grid-item post-864 post type-post status-publish format-standard hentry category-uncategorized\">\n\t\t\t<div class=\"elementor-post__card\">\n\t\t\t\t<div class=\"elementor-post__text\">\n\t\t\t\t<h1 class=\"elementor-post__title\">\n\t\t\t<a href=\"https:\/\/skadi.is\/index.php\/2024\/02\/01\/atvikalysing-vinnuveitanda-til-opinberra-adila-logd-til-grundvallar\/\" >\n\t\t\t\tATVIKAL\u00ddSING VINNUVEITANDA TIL OPINBERRA A\u00d0ILA L\u00d6G\u00d0 TIL GRUNDVALLAR\t\t\t<\/a>\n\t\t<\/h1>\n\t\t\t\t<div class=\"elementor-post__excerpt\">\n\t\t\t<p>\u00deann 10. n\u00f3vember sl. l\u00e1 fyrir d\u00f3mur H\u00e9ra\u00f0sd\u00f3ms Reykjav\u00edkur \u00ed m\u00e1li umbj\u00f3\u00f0anda L\u00f6gmanna \u00c1rb\u00e6 slf.&nbsp; gegn Sj\u00f3v\u00e1 Almennum tryggingum hf.,&nbsp; sbr. h\u00e9ra\u00f0sd\u00f3msm\u00e1li\u00f0 nr. 3064\/2023.&nbsp; \u00dear komst fj\u00f6lskipa\u00f0ur d\u00f3mur H\u00e9ra\u00f0sd\u00f3ms Reykjav\u00edkur, \u00feeirri ni\u00f0urst\u00f6\u00f0u, a\u00f0 Sj\u00f3v\u00e1-Almennar tryggingar hf., b\u00e6ri ska\u00f0ab\u00f3ta\u00e1byrg\u00f0 sem v\u00e1tryggingjandi fyrrum vinnuveitanda tj\u00f3n\u00feola, vegna vinnuslyss tj\u00f3n\u00feola \u00ed n\u00f3vember 2021.&nbsp; Kaus hi\u00f0 stefnda tryggingarf\u00e9lag a\u00f0 una d\u00f3mi h\u00e9ra\u00f0sd\u00f3ms. \u00cd m\u00e1linu greindi a\u00f0ilum \u00e1 hvort a\u00f0 tj\u00f3n\u00feoli \u00e6tti r\u00e9tt \u00e1 b\u00f3tum \u00far frj\u00e1lsri \u00e1byrg\u00f0artryggingu fyrrum vinnuveitanda tj\u00f3n\u00feola, vegna \u00feess l\u00edkamstj\u00f3ns sem tj\u00f3n\u00feola var\u00f0 fyrir \u00ed slysi \u00e1 vinnusta\u00f0 s\u00ednum. N\u00e1nari tildr\u00f6g&nbsp; m\u00e1lsins&nbsp; voru&nbsp; \u00feau,&nbsp; a\u00f0&nbsp; tj\u00f3n\u00feoli&nbsp; var\u00f0&nbsp; fyrir&nbsp; slysi, a\u00f0 morgni 21.&nbsp; n\u00f3vember&nbsp; 2021,&nbsp;&nbsp; \u00ed starfi s\u00ednu vi\u00f0 afgrei\u00f0slu \u00ed \u00fativistarverslun fyrrum vinnuveitanda s\u00edns sem sta\u00f0sett er \u00ed gestami\u00f0st\u00f6\u00f0 \u00fej\u00f3\u00f0gar\u00f0sins \u00e1 \u00deingv\u00f6llum.<\/p>\n\t\t<\/div>\n\t\t\t\t\t<a class=\"elementor-post__read-more\" href=\"https:\/\/skadi.is\/index.php\/2024\/02\/01\/atvikalysing-vinnuveitanda-til-opinberra-adila-logd-til-grundvallar\/\" >\n\t\t\t\tLesa meira...\t\t\t<\/a>\n\t\t\t\t<\/div>\n\t\t\t\t<div class=\"elementor-post__meta-data\">\n\t\t\t\t\t<span class=\"elementor-post-date\">\n\t\t\tFebruary 1, 2024\t\t<\/span>\n\t\t\t\t<\/div>\n\t\t\t\t\t<\/div>\n\t\t<\/article>\n\t\t\t\t<article class=\"elementor-post elementor-grid-item post-861 post type-post status-publish format-standard hentry category-uncategorized\">\n\t\t\t<div class=\"elementor-post__card\">\n\t\t\t\t<div class=\"elementor-post__text\">\n\t\t\t\t<h1 class=\"elementor-post__title\">\n\t\t\t<a href=\"https:\/\/skadi.is\/index.php\/2023\/06\/29\/siggi-gekk-a-sulu\/\" >\n\t\t\t\tSiggi gekk \u00e1 s\u00falu\t\t\t<\/a>\n\t\t<\/h1>\n\t\t\t\t<div class=\"elementor-post__excerpt\">\n\t\t\t<p>\u00deann 4. apr\u00edl sl., hafna\u00f0i H\u00e6stir\u00e9ttur \u00cdslands bei\u00f0ni fyrirt\u00e6kisins Margt Sm\u00e1tt ehf., til a\u00f0 \u00e1fr\u00fdja d\u00f3mi Landsr\u00e9ttar fr\u00e1 10. febr\u00faar 2023 \u00ed m\u00e1li nr. 730\/2021, \u00fear sem Landsr\u00e9ttur komst a\u00f0 \u00feeirri ni\u00f0urst\u00f6\u00f0u, a\u00f0 f\u00e9lagi\u00f0 v\u00e6ri ska\u00f0ab\u00f3taskylt fyrir \u00fev\u00ed l\u00edkamstj\u00f3ni sem fyrrum starfsma\u00f0ur fyrirt\u00e6kisins var\u00f0 fyrir \u00ed vinnuslysi \u00ed febr\u00faar 2019. Atvik m\u00e1lsins voru \u00ed stuttu m\u00e1li, a\u00f0 tj\u00f3n\u00feoli starfa\u00f0i sem s\u00f6luma\u00f0ur hj\u00e1 \u00e1\u00f0urnefndu fyrirt\u00e6ki. Einn morgun \u00ed febr\u00faar er tj\u00f3n\u00feoli var a\u00f0 taka m\u00f3ti vi\u00f0skiptavini fyrirt\u00e6kisins \u00ed afgrei\u00f0slu-\/m\u00f3tt\u00f6kusal fyrirt\u00e6kisins, var\u00f0 tj\u00f3n\u00feoli fyrir \u00fev\u00ed \u00f3l\u00e1ni, a\u00f0 ganga \u00e1 steinsteypta bur\u00f0ars\u00falu sem sta\u00f0sett var \u00ed mi\u00f0jum afgrei\u00f0slusal\/verslun fyrirt\u00e6kisins. Vi\u00f0 \u00fea\u00f0 hlaut tj\u00f3n\u00feoli \u00feungt h\u00f6fu\u00f0h\u00f6gg, me\u00f0 \u00feeim aflei\u00f0ingum, a\u00f0 tj\u00f3n\u00feoli b\u00fdr n\u00fa vi\u00f0 varanleg einkenni fr\u00e1 h\u00e1lsi og h\u00f6f\u00f0i.&nbsp; Eftir a\u00f0 hafa \u00feegi\u00f0<\/p>\n\t\t<\/div>\n\t\t\t\t\t<a class=\"elementor-post__read-more\" href=\"https:\/\/skadi.is\/index.php\/2023\/06\/29\/siggi-gekk-a-sulu\/\" >\n\t\t\t\tLesa meira...\t\t\t<\/a>\n\t\t\t\t<\/div>\n\t\t\t\t<div class=\"elementor-post__meta-data\">\n\t\t\t\t\t<span class=\"elementor-post-date\">\n\t\t\tJune 29, 2023\t\t<\/span>\n\t\t\t\t<\/div>\n\t\t\t\t\t<\/div>\n\t\t<\/article>\n\t\t\t\t<article class=\"elementor-post elementor-grid-item post-858 post type-post status-publish format-standard hentry category-uncategorized\">\n\t\t\t<div class=\"elementor-post__card\">\n\t\t\t\t<div class=\"elementor-post__text\">\n\t\t\t\t<h1 class=\"elementor-post__title\">\n\t\t\t<a href=\"https:\/\/skadi.is\/index.php\/2023\/06\/13\/sagdi-ekki-pass-vid-pc-crash-og-fekk-baetur\/\" >\n\t\t\t\tSag\u00f0i ekki pass vi\u00f0 pc-crash og f\u00e9kk b\u00e6tur\t\t\t<\/a>\n\t\t<\/h1>\n\t\t\t\t<div class=\"elementor-post__excerpt\">\n\t\t\t<p>\u00deann 17. febr\u00faar s\u00ed\u00f0ast li\u00f0inn f\u00e9ll d\u00f3mur \u00ed landsr\u00e9ttarm\u00e1linu nr. 526\/2021. Me\u00f0&nbsp; d\u00f3mi Landsr\u00e9ttar var d\u00f3mi H\u00e9ra\u00f0sd\u00f3ms Reykjav\u00edkur, \u00fear sem v\u00e1tryggingaf\u00e9lag haf\u00f0i veri\u00f0 s\u00fdkna\u00f0 af b\u00f3takr\u00f6fu tj\u00f3n\u00feola \u00e1 grundvelli svokalla\u00f0rar pc-crash sk\u00fdrslu, hnekkt.&nbsp; Byggja sl\u00edkar pc- crash sk\u00fdrslur \u00e1 l\u00edkinda\u00fatreikningum, sem eiga a\u00f0 s\u00fdna hra\u00f0a \u00feeirrar bifrei\u00f0ar, sem veldur vi\u00f0komandi umfer\u00f0arslysi og um lei\u00f0 \u00feann h\u00f6gg\u00feunga, sem vi\u00f0komandi tj\u00f3n\u00feoli, sem b\u00f3ta krefst af v\u00e1tryggingaf\u00e9laginu, \u00e1 a\u00f0 hafa or\u00f0i\u00f0 fyrir. \u00cd h\u00e9ra\u00f0i var v\u00e1tryggingaf\u00e9lagi\u00f0 s\u00fdkna\u00f0 af b\u00f3takr\u00f6fu tj\u00f3n\u00feola, \u00e1 grunvelli pc-crash sk\u00fdrslunnar, \u00fear sem d\u00e6mt var, a\u00f0 samkv\u00e6mt sk\u00fdrslunni hafi s\u00e1 h\u00f6gg\u00feungi, sem tj\u00f3n\u00feoli&nbsp; var\u00f0 fyrir ekki n\u00e6gt til a\u00f0 valda l\u00edkamstj\u00f3ni. \u00cd d\u00f3mi Landsr\u00e9ttar var hins vegar stu\u00f0st vi\u00f0 \u00fe\u00e1 meginreglu, a\u00f0 \u00fea\u00f0 v\u00e6ri h\u00e1\u00f0 l\u00e6knisfr\u00e6\u00f0ilegu mati, hvort a\u00f0 menn<\/p>\n\t\t<\/div>\n\t\t\t\t\t<a class=\"elementor-post__read-more\" href=\"https:\/\/skadi.is\/index.php\/2023\/06\/13\/sagdi-ekki-pass-vid-pc-crash-og-fekk-baetur\/\" >\n\t\t\t\tLesa meira...\t\t\t<\/a>\n\t\t\t\t<\/div>\n\t\t\t\t<div class=\"elementor-post__meta-data\">\n\t\t\t\t\t<span class=\"elementor-post-date\">\n\t\t\tJune 13, 2023\t\t<\/span>\n\t\t\t\t<\/div>\n\t\t\t\t\t<\/div>\n\t\t<\/article>\n\t\t\t\t<article class=\"elementor-post elementor-grid-item post-855 post type-post status-publish format-standard hentry category-uncategorized\">\n\t\t\t<div class=\"elementor-post__card\">\n\t\t\t\t<div class=\"elementor-post__text\">\n\t\t\t\t<h1 class=\"elementor-post__title\">\n\t\t\t<a href=\"https:\/\/skadi.is\/index.php\/2023\/06\/05\/likamsaras-barthjons-i-vinnu-abyrgd-vinnuveitanda\/\" >\n\t\t\t\tL\u00edkams\u00e1r\u00e1s bar\u00fej\u00f3ns \u00ed vinnu, \u00e1byrg\u00f0 vinnuveitanda.\t\t\t<\/a>\n\t\t<\/h1>\n\t\t\t\t<div class=\"elementor-post__excerpt\">\n\t\t\t<p>F\u00e9kk einn kaldan \u00e1 barnum og \u00ed kj\u00f6lfari\u00f0 b\u00e6tur. \u00deann 18. apr\u00edl sl.,&nbsp; f\u00e9ll afar athyglisver\u00f0ur d\u00f3mur \u00ed H\u00e9ra\u00f0sd\u00f3mi Reykjav\u00edkur, \u00fear sem deilt var um m\u00f6rk \u00e1byrg\u00f0ar vinnuveitanda, en Fj\u00f6lnir Vilhj\u00e1lmsson, l\u00f6gma\u00f0ur, hj\u00e1 L\u00f6gm\u00f6nnum \u00c1rb\u00e6 slf. g\u00e6tti hagsmuna tj\u00f3n\u00feola \u00ed m\u00e1linu. H\u00f6f\u00f0a\u00f0i tj\u00f3n\u00feoli m\u00e1li\u00f0 gegn eiganda og rekstrara\u00f0ila skemmtista\u00f0arins Fishhouse ehf. og Sj\u00f3v\u00e1 Almennum tryggingum hf., auk fyrrum starfsmanni skemmtista\u00f0arins til vi\u00f0urkenningar \u00e1 ska\u00f0ab\u00f3taskyldu \u00feeirra, vegna \u00feess l\u00edkamstj\u00f3ns sem tj\u00f3n\u00feoli var\u00f0 fyrir \u00ed l\u00edkams\u00e1r\u00e1s a\u00f0faran\u00f3tt 14. j\u00fal\u00ed 2019, vi\u00f0 barbor\u00f0 skemmtista\u00f0arins Fishhouse, er bar\u00fej\u00f3nn sta\u00f0arins sl\u00f3 tj\u00f3n\u00feola \u201ekaldan\u201c \u00ed andliti\u00f0, me\u00f0 \u00feeim aflei\u00f0ingum, a\u00f0 tj\u00f3n\u00feoli f\u00e9ll aftur fyrir sig og skall me\u00f0 h\u00f6fu\u00f0i\u00f0 \u00ed g\u00f3lfi\u00f0 og slasa\u00f0ist illa. \u00cd m\u00e1linu deildu a\u00f0ilar einkum um, hvort a\u00f0 atlaga bar\u00fej\u00f3nsins a\u00f0 tj\u00f3n\u00feola<\/p>\n\t\t<\/div>\n\t\t\t\t\t<a class=\"elementor-post__read-more\" href=\"https:\/\/skadi.is\/index.php\/2023\/06\/05\/likamsaras-barthjons-i-vinnu-abyrgd-vinnuveitanda\/\" >\n\t\t\t\tLesa meira...\t\t\t<\/a>\n\t\t\t\t<\/div>\n\t\t\t\t<div class=\"elementor-post__meta-data\">\n\t\t\t\t\t<span class=\"elementor-post-date\">\n\t\t\tJune 5, 2023\t\t<\/span>\n\t\t\t\t<\/div>\n\t\t\t\t\t<\/div>\n\t\t<\/article>\n\t\t\t\t<article class=\"elementor-post elementor-grid-item post-852 post type-post status-publish format-standard hentry category-uncategorized\">\n\t\t\t<div class=\"elementor-post__card\">\n\t\t\t\t<div class=\"elementor-post__text\">\n\t\t\t\t<h1 class=\"elementor-post__title\">\n\t\t\t<a href=\"https:\/\/skadi.is\/index.php\/2023\/06\/02\/opid-bref-til-heilbrigdisradherra-vegna-sjukratrygginga-islands\/\" >\n\t\t\t\tOpi\u00f0 br\u00e9f til heilbrig\u00f0isr\u00e1\u00f0herra vegna Sj\u00fakratrygginga \u00cdslands\t\t\t<\/a>\n\t\t<\/h1>\n\t\t\t\t<div class=\"elementor-post__excerpt\">\n\t\t\t<p>Willum \u00de\u00f3r \u00de\u00f3rsson, heilbrig\u00f0isr\u00e1\u00f0herra Sk\u00f3garhl\u00ed\u00f0 6, Reykjav\u00edk. Efni: Tilkynning Sj\u00fakratrygginga \u00cdslands fr\u00e1 22. okt\u00f3ber 2021 um endursko\u00f0un \u00e1kvar\u00f0ana um miska og l\u00e6kniafr\u00e6\u00f0ilega \u00f6rorku fj\u00f6gur \u00e1r aftur \u00ed t\u00edmann. \u00cd \u00feessari tilkynningu segir me\u00f0al annars: \u201e\u00cd \u00feess konar b\u00f3tam\u00e1lum er algengt a\u00f0 leggja \u00feurfi saman svok\u00f6llu\u00f0 miskastig, samkv\u00e6mt miskat\u00f6flu \u00f6rorkunefndar. Endursko\u00f0unin n\u00fa mun taka til allra \u00e1kvar\u00f0ana&nbsp; \u00fear sem svokalla\u00f0ri hlutfallsreglu var beitt vi\u00f0 samlagninguna. Einungis ver\u00f0a endurupptekin \u00feau m\u00e1l \u00fear sem tali\u00f0 er a\u00f0 endursko\u00f0unin geti leitt til h\u00e6rri b\u00f3tagrei\u00f0slna til tj\u00f3n\u00feola.\u201c R\u00e9tt er a\u00f0 benda \u00e1, a\u00f0 um er a\u00f0 r\u00e6\u00f0a \u00e1kv\u00f6r\u00f0un \u00e1 b\u00f3tum, skv. l\u00f6gum nr. 45\/2015 um slysatryggingar almannatrygginga, sem laun\u00feegar hafa or\u00f0i\u00f0 fyrir \u00ed vinnuslysum.&nbsp; Er efni laganna ekki sk\u00fdrt, en praks\u00edsinn hefur veri\u00f0 s\u00e1, a\u00f0<\/p>\n\t\t<\/div>\n\t\t\t\t\t<a class=\"elementor-post__read-more\" href=\"https:\/\/skadi.is\/index.php\/2023\/06\/02\/opid-bref-til-heilbrigdisradherra-vegna-sjukratrygginga-islands\/\" >\n\t\t\t\tLesa meira...\t\t\t<\/a>\n\t\t\t\t<\/div>\n\t\t\t\t<div class=\"elementor-post__meta-data\">\n\t\t\t\t\t<span class=\"elementor-post-date\">\n\t\t\tJune 2, 2023\t\t<\/span>\n\t\t\t\t<\/div>\n\t\t\t\t\t<\/div>\n\t\t<\/article>\n\t\t\t\t<\/div>\n\t\t\t\t<nav class=\"elementor-pagination\" role=\"navigation\" aria-label=\"Pagination\">\n\t\t\t<span class=\"page-numbers prev\">N\u00fdrri<\/span>\n<span aria-current=\"page\" class=\"page-numbers current\"><span class=\"elementor-screen-only\">Page<\/span>1<\/span>\n<a class=\"page-numbers\" href=\"https:\/\/skadi.is\/index.php\/wp-json\/wp\/v2\/pages\/493\/page\/2\/\"><span class=\"elementor-screen-only\">Page<\/span>2<\/a>\n<a class=\"page-numbers\" href=\"https:\/\/skadi.is\/index.php\/wp-json\/wp\/v2\/pages\/493\/page\/3\/\"><span class=\"elementor-screen-only\">Page<\/span>3<\/a>\n<a class=\"page-numbers\" href=\"https:\/\/skadi.is\/index.php\/wp-json\/wp\/v2\/pages\/493\/page\/4\/\"><span class=\"elementor-screen-only\">Page<\/span>4<\/a>\n<a class=\"page-numbers next\" href=\"https:\/\/skadi.is\/index.php\/wp-json\/wp\/v2\/pages\/493\/page\/2\/\">Eldri<\/a>\t\t<\/nav>\n\t\t\t\t<\/div>\n\t\t\t\t<\/div>\n\t\t\t\t\t<\/div>\n\t\t<\/div>\n\t\t\t\t\t\t\t<\/div>\n\t\t<\/section>\n\t\t\t\t\t\t<\/div>\n\t\t\t\t\t<\/div>\n\t\t","protected":false},"excerpt":{"rendered":"<p>Fr\u00e9ttir<\/p>\n","protected":false},"author":1,"featured_media":0,"parent":499,"menu_order":0,"comment_status":"closed","ping_status":"closed","template":"","meta":{"footnotes":""},"class_list":["post-493","page","type-page","status-publish","hentry"],"yoast_head":"<!-- This site is optimized with the Yoast SEO plugin v16.9 - https:\/\/yoast.com\/wordpress\/plugins\/seo\/ -->\n<title>Fr\u00e9ttir &gt; L&ouml;gmenn &Aacute;rb&aelig;<\/title>\n<meta name=\"robots\" content=\"index, follow, max-snippet:-1, max-image-preview:large, max-video-preview:-1\" \/>\n<link rel=\"canonical\" href=\"https:\/\/skadi.is\/index.php\/logmenn-arbae\/frettir\/\" \/>\n<meta property=\"og:locale\" content=\"en_US\" \/>\n<meta property=\"og:type\" content=\"article\" \/>\n<meta property=\"og:title\" content=\"Fr\u00e9ttir &gt; L&ouml;gmenn &Aacute;rb&aelig;\" \/>\n<meta property=\"og:description\" content=\"Fr\u00e9ttir\" \/>\n<meta property=\"og:url\" content=\"https:\/\/skadi.is\/index.php\/logmenn-arbae\/frettir\/\" \/>\n<meta property=\"og:site_name\" content=\"L&ouml;gmenn &Aacute;rb&aelig;\" \/>\n<meta property=\"article:modified_time\" content=\"2021-06-29T15:52:15+00:00\" \/>\n<meta name=\"twitter:card\" content=\"summary_large_image\" \/>\n<meta name=\"twitter:label1\" content=\"Est. reading time\" \/>\n\t<meta name=\"twitter:data1\" content=\"4 minutes\" \/>\n<script type=\"application\/ld+json\" class=\"yoast-schema-graph\">{\"@context\":\"https:\/\/schema.org\",\"@graph\":[{\"@type\":\"WebSite\",\"@id\":\"https:\/\/skadi.is\/#website\",\"url\":\"https:\/\/skadi.is\/\",\"name\":\"L&ouml;gmenn &Aacute;rb&aelig;\",\"description\":\"L&ouml;gmenn &Aacute;rb&aelig; slf. er alhli&eth;a l&ouml;gmannsstofa &thorn;ar sem &thorn;verfagleg l&ouml;gmanns&thorn;j&oacute;nusta er veitt.\",\"potentialAction\":[{\"@type\":\"SearchAction\",\"target\":{\"@type\":\"EntryPoint\",\"urlTemplate\":\"https:\/\/skadi.is\/?s={search_term_string}\"},\"query-input\":\"required name=search_term_string\"}],\"inLanguage\":\"en\"},{\"@type\":\"WebPage\",\"@id\":\"https:\/\/skadi.is\/index.php\/logmenn-arbae\/frettir\/#webpage\",\"url\":\"https:\/\/skadi.is\/index.php\/logmenn-arbae\/frettir\/\",\"name\":\"Fr\\u00e9ttir &gt; L&ouml;gmenn &Aacute;rb&aelig;\",\"isPartOf\":{\"@id\":\"https:\/\/skadi.is\/#website\"},\"datePublished\":\"2021-05-21T09:41:56+00:00\",\"dateModified\":\"2021-06-29T15:52:15+00:00\",\"breadcrumb\":{\"@id\":\"https:\/\/skadi.is\/index.php\/logmenn-arbae\/frettir\/#breadcrumb\"},\"inLanguage\":\"en\",\"potentialAction\":[{\"@type\":\"ReadAction\",\"target\":[\"https:\/\/skadi.is\/index.php\/logmenn-arbae\/frettir\/\"]}]},{\"@type\":\"BreadcrumbList\",\"@id\":\"https:\/\/skadi.is\/index.php\/logmenn-arbae\/frettir\/#breadcrumb\",\"itemListElement\":[{\"@type\":\"ListItem\",\"position\":1,\"name\":\"Fr\\u00e9ttir\",\"item\":\"https:\/\/skadi.is\/\"},{\"@type\":\"ListItem\",\"position\":2,\"name\":\"FORS\\u00cd\\u00d0A\",\"item\":\"https:\/\/skadi.is\/\"},{\"@type\":\"ListItem\",\"position\":3,\"name\":\"Fr\\u00e9ttir\"}]}]}<\/script>\n<!-- \/ Yoast SEO plugin. -->","yoast_head_json":{"title":"Fr\u00e9ttir &gt; L&ouml;gmenn &Aacute;rb&aelig;","robots":{"index":"index","follow":"follow","max-snippet":"max-snippet:-1","max-image-preview":"max-image-preview:large","max-video-preview":"max-video-preview:-1"},"canonical":"https:\/\/skadi.is\/index.php\/logmenn-arbae\/frettir\/","og_locale":"en_US","og_type":"article","og_title":"Fr\u00e9ttir &gt; L&ouml;gmenn &Aacute;rb&aelig;","og_description":"Fr\u00e9ttir","og_url":"https:\/\/skadi.is\/index.php\/logmenn-arbae\/frettir\/","og_site_name":"L&ouml;gmenn &Aacute;rb&aelig;","article_modified_time":"2021-06-29T15:52:15+00:00","twitter_card":"summary_large_image","twitter_misc":{"Est. reading time":"4 minutes"},"schema":{"@context":"https:\/\/schema.org","@graph":[{"@type":"WebSite","@id":"https:\/\/skadi.is\/#website","url":"https:\/\/skadi.is\/","name":"L&ouml;gmenn &Aacute;rb&aelig;","description":"L&ouml;gmenn &Aacute;rb&aelig; slf. er alhli&eth;a l&ouml;gmannsstofa &thorn;ar sem &thorn;verfagleg l&ouml;gmanns&thorn;j&oacute;nusta er veitt.","potentialAction":[{"@type":"SearchAction","target":{"@type":"EntryPoint","urlTemplate":"https:\/\/skadi.is\/?s={search_term_string}"},"query-input":"required name=search_term_string"}],"inLanguage":"en"},{"@type":"WebPage","@id":"https:\/\/skadi.is\/index.php\/logmenn-arbae\/frettir\/#webpage","url":"https:\/\/skadi.is\/index.php\/logmenn-arbae\/frettir\/","name":"Fr\u00e9ttir &gt; L&ouml;gmenn &Aacute;rb&aelig;","isPartOf":{"@id":"https:\/\/skadi.is\/#website"},"datePublished":"2021-05-21T09:41:56+00:00","dateModified":"2021-06-29T15:52:15+00:00","breadcrumb":{"@id":"https:\/\/skadi.is\/index.php\/logmenn-arbae\/frettir\/#breadcrumb"},"inLanguage":"en","potentialAction":[{"@type":"ReadAction","target":["https:\/\/skadi.is\/index.php\/logmenn-arbae\/frettir\/"]}]},{"@type":"BreadcrumbList","@id":"https:\/\/skadi.is\/index.php\/logmenn-arbae\/frettir\/#breadcrumb","itemListElement":[{"@type":"ListItem","position":1,"name":"Fr\u00e9ttir","item":"https:\/\/skadi.is\/"},{"@type":"ListItem","position":2,"name":"FORS\u00cd\u00d0A","item":"https:\/\/skadi.is\/"},{"@type":"ListItem","position":3,"name":"Fr\u00e9ttir"}]}]}},"_links":{"self":[{"href":"https:\/\/skadi.is\/index.php\/wp-json\/wp\/v2\/pages\/493","targetHints":{"allow":["GET"]}}],"collection":[{"href":"https:\/\/skadi.is\/index.php\/wp-json\/wp\/v2\/pages"}],"about":[{"href":"https:\/\/skadi.is\/index.php\/wp-json\/wp\/v2\/types\/page"}],"author":[{"embeddable":true,"href":"https:\/\/skadi.is\/index.php\/wp-json\/wp\/v2\/users\/1"}],"replies":[{"embeddable":true,"href":"https:\/\/skadi.is\/index.php\/wp-json\/wp\/v2\/comments?post=493"}],"version-history":[{"count":13,"href":"https:\/\/skadi.is\/index.php\/wp-json\/wp\/v2\/pages\/493\/revisions"}],"predecessor-version":[{"id":671,"href":"https:\/\/skadi.is\/index.php\/wp-json\/wp\/v2\/pages\/493\/revisions\/671"}],"up":[{"embeddable":true,"href":"https:\/\/skadi.is\/index.php\/wp-json\/wp\/v2\/pages\/499"}],"wp:attachment":[{"href":"https:\/\/skadi.is\/index.php\/wp-json\/wp\/v2\/media?parent=493"}],"curies":[{"name":"wp","href":"https:\/\/api.w.org\/{rel}","templated":true}]}}